{"id":51808,"date":"2024-03-09T11:14:05","date_gmt":"2024-03-09T10:14:05","guid":{"rendered":"https:\/\/pungg.homepagedesigner.at\/impressum\/"},"modified":"2024-11-09T20:52:56","modified_gmt":"2024-11-09T19:52:56","slug":"imprint","status":"publish","type":"page","link":"https:\/\/www.pungg.at\/en\/imprint\/","title":{"rendered":"Imprint"},"content":{"rendered":"\n<p><strong>Apartments Pungg<\/strong><\/p>\n\n\n\n<p>Melanie Pungg<br>Sch\u00fctzenweg 6<br>6263 F\u00fcgen im Zillertal<br>\u00d6sterreich<\/p>\n\n\n\n<h2 class=\"wp-block-heading\" id=\"contact\">Contact<\/h2>\n\n\n\n<p>Phone: +43 681 103 815 70<br>Email: info@pungg.at<\/p>\n\n\n\n<h3 class=\"wp-block-heading\" id=\"trade-regulations\">Trade Regulations<\/h3>\n\n\n\n<p>www.ris.bka.gv.at<\/p>\n\n\n\n<h3 class=\"wp-block-heading\" id=\"supervisory-authority\">Supervisory authority<\/h3>\n\n\n\n<p>Bezirkshauptmannschaft Schwaz<br>Franz-Josef-Stra\u00dfe 25<br>6130 Schwaz<br>\u00d6sterreich<\/p>\n\n\n\n<p><a href=\"https:\/\/www.tirol.gv.at\/schwaz\" target=\"_blank\" rel=\"noopener\">https:\/\/www.tirol.gv.at\/schwaz<\/a><\/p>\n\n\n\n<h3 class=\"wp-block-heading\" id=\"value-added-tax-identification-number\">Value Added Tax Identification Number<\/h3>\n\n\n\n<p><\/p>\n\n\n\n<h3 class=\"wp-block-heading\" id=\"responsible-for-the-content\">Responsible for the content<\/h3>\n\n\n\n<p>Melanie Pungg<br>Sch\u00fctzenweg 6<br>6263 F\u00fcgen im Zillertal<br>\u00d6sterreich<\/p>\n\n\n\n<h3 class=\"wp-block-heading\" id=\"webdesign-webdevelopment\">Webdesign &amp; Webdevelopment<\/h3>\n\n\n\n<p><a href=\"https:\/\/www.vabelhavt.at\/\" target=\"_blank\" rel=\"noreferrer noopener\">VABELHAVT.AT<\/a><\/p>\n\n\n\n<h3 class=\"wp-block-heading\" id=\"eu-dispute-resolution\">EU Dispute Resolution<\/h3>\n\n\n\n<p>The European Commission provides a platform for online dispute resolution (ODR): <a rel=\"noreferrer noopener\" target=\"_blank\" href=\"https:\/\/ec.europa.eu\/consumers\/odr\/\">https:\/\/ec.europa.eu\/consumers\/odr\/<\/a>.<br>You can find our email address at the top of the imprint.<\/p>\n\n\n\n<h3 class=\"wp-block-heading\" id=\"consumer-dispute-resolution-universal-arbitration-board\">Consumer dispute resolution\/universal arbitration board<\/h3>\n\n\n\n<p>We are not willing or obligated to participate in dispute resolution procedures before a consumer arbitration board.<\/p>\n","protected":false},"excerpt":{"rendered":"<p>Apartments Pungg Melanie PunggSch\u00fctzenweg 66263 F\u00fcgen im Zillertal\u00d6sterreich Contact Phone: +43 681 103 815 70Email: info@pungg.at Trade Regulations www.ris.bka.gv.at Supervisory authority Bezirkshauptmannschaft SchwazFranz-Josef-Stra\u00dfe 256130 Schwaz\u00d6sterreich https:\/\/www.tirol.gv.at\/schwaz Value Added Tax Identification Number Responsible for the content Melanie PunggSch\u00fctzenweg 66263 F\u00fcgen im Zillertal\u00d6sterreich Webdesign &amp; Webdevelopment VABELHAVT.AT EU Dispute Resolution The European Commission provides a platform for &#8230; <a title=\"Imprint\" class=\"read-more\" href=\"https:\/\/www.pungg.at\/en\/imprint\/\" aria-label=\"Read more about Imprint\">Read more<\/a><\/p>\n","protected":false},"author":3,"featured_media":0,"parent":0,"menu_order":0,"comment_status":"closed","ping_status":"closed","template":"","meta":{"_gspb_post_css":"","footnotes":""},"class_list":{"0":"post-51808","1":"page","2":"type-page","3":"status-publish","5":"no-featured-image-padding"},"_links":{"self":[{"href":"https:\/\/www.pungg.at\/en\/wp-json\/wp\/v2\/pages\/51808","targetHints":{"allow":["GET"]}}],"collection":[{"href":"https:\/\/www.pungg.at\/en\/wp-json\/wp\/v2\/pages"}],"about":[{"href":"https:\/\/www.pungg.at\/en\/wp-json\/wp\/v2\/types\/page"}],"author":[{"embeddable":true,"href":"https:\/\/www.pungg.at\/en\/wp-json\/wp\/v2\/users\/3"}],"replies":[{"embeddable":true,"href":"https:\/\/www.pungg.at\/en\/wp-json\/wp\/v2\/comments?post=51808"}],"version-history":[{"count":6,"href":"https:\/\/www.pungg.at\/en\/wp-json\/wp\/v2\/pages\/51808\/revisions"}],"predecessor-version":[{"id":52257,"href":"https:\/\/www.pungg.at\/en\/wp-json\/wp\/v2\/pages\/51808\/revisions\/52257"}],"wp:attachment":[{"href":"https:\/\/www.pungg.at\/en\/wp-json\/wp\/v2\/media?parent=51808"}],"curies":[{"name":"wp","href":"https:\/\/api.w.org\/{rel}","templated":true}]}}