{"id":51812,"date":"2024-06-07T13:42:40","date_gmt":"2024-06-07T11:42:40","guid":{"rendered":"https:\/\/pungg.homepagedesigner.at\/geschichte-des-hauses\/"},"modified":"2025-01-07T15:23:12","modified_gmt":"2025-01-07T14:23:12","slug":"history-of-the-house","status":"publish","type":"page","link":"https:\/\/www.pungg.at\/en\/history-of-the-house\/","title":{"rendered":"History of the House"},"content":{"rendered":"\n<div class=\"wp-block-greenshift-blocks-container gspb_container gspb_container-gsbp-2932dde\" id=\"gspb_container-id-gsbp-2932dde\">\n<div class=\"wp-block-greenshift-blocks-row gspb_row gspb_row-id-gsbp-ac7ab41\" id=\"gspb_row-id-gsbp-ac7ab41\"><div class=\"gspb_row__content\"> \n<div class=\"wp-block-greenshift-blocks-row-column gspb_row__col--6 gspb_col-id-gsbp-453fd8c\" id=\"gspb_col-id-gsbp-453fd8c\">\n<div class=\"wp-block-greenshift-blocks-image gspb_image gspb_image-id-gsbp-dc1fba2\" id=\"gspb_image-id-gsbp-dc1fba2\"><img decoding=\"async\" src=\"https:\/\/pungg.at\/wp-content\/uploads\/2024\/05\/RZ_Briefpapier_2023.jpg\" data-src=\"\" alt=\"Ein gr\u00fcn get\u00f6ntes Foto von Leuten, die auf dem Balkon eines zweist\u00f6ckigen Geb\u00e4udes stehen, das als Appartement im Zillertal gekennzeichnet ist, vor dem zwei Autos geparkt sind.\" loading=\"lazy\" width=\"794\" height=\"1123\"\/><\/div>\n<\/div>\n\n\n\n<div class=\"wp-block-greenshift-blocks-row-column gspb_row__col--6 gspb_col-id-gsbp-171ae2d\" id=\"gspb_col-id-gsbp-171ae2d\">\n<p>The Appartements Pungg has a long and eventful history that dates back to 1958. At that time, Theresia Pungg had the Pungg Guesthouse built, which offered single and double rooms equipped with sinks\u2014something quite rare at the time. Until the 1970s, the house attracted only guests from German-speaking areas for summer vacations, but with the opening of the Spieljochbahn in the same decade, the guesthouse also became a popular destination for winter tourists.<\/p>\n\n\n\n<p>Theresia Pungg dedicated her life to tourism and turned what was then called the Pungg guesthouse into a welcoming and charming place for travellers from around the world. In the 2000s, her son and his wife took over the operation and transformed the rooms into apartments to meet the changing needs of the guests. Thus, Appartements Pungg was established.<\/p>\n\n\n\n<p>In 2023, Theresia&#8217;s granddaughter Melanie took over the Appartements Pungg and brought a breath of fresh air to the traditional establishment. Melanie places great emphasis on sustainability and strives to create an environment where guests feel completely at ease during their stay. With her dedication and passion for hospitality, Melanie continues her grandmother&#8217;s legacy and ensures that the Appartements Pungg remains a popular destination for those seeking relaxation and outdoor enthusiasts of all kinds in the future.<\/p>\n<\/div>\n <\/div><\/div>\n<\/div>\n","protected":false},"excerpt":{"rendered":"","protected":false},"author":3,"featured_media":0,"parent":0,"menu_order":0,"comment_status":"closed","ping_status":"closed","template":"","meta":{"_gspb_post_css":".gspb_container-id-gsbp-2932dde{flex-direction:column;box-sizing:border-box}#gspb_container-id-gsbp-2932dde.gspb_container>p:last-of-type{margin-bottom:0}#gspb_container-id-gsbp-2932dde.gspb_container,.gspb_row{position:relative}#gspb_row-id-gsbp-ac7ab41{justify-content:space-between;margin-top:0;margin-bottom:0;display:flex;flex-wrap:wrap}#gspb_row-id-gsbp-ac7ab41>.gspb_row__content{display:flex;justify-content:space-between;margin:0 auto;width:100%;flex-wrap:wrap;max-width:1200px}div[id^=gspb_col-id]{box-sizing:border-box;position:relative;padding:var(--gs-row-column-padding, 15px min(3vw, 20px))}#gspb_col-id-gsbp-453fd8c.gspb_row__col--6{width:50%}@media (max-width:575.98px){#gspb_col-id-gsbp-453fd8c.gspb_row__col--6{width:100%}}#gspb_image-id-gsbp-dc1fba2 img{vertical-align:top;display:inline-block;box-sizing:border-box;max-width:100%;height:auto}#gspb_col-id-gsbp-171ae2d.gspb_row__col--6{width:50%}@media (max-width:575.98px){#gspb_col-id-gsbp-171ae2d.gspb_row__col--6{width:100%}}","footnotes":""},"class_list":{"0":"post-51812","1":"page","2":"type-page","3":"status-publish","5":"no-featured-image-padding"},"_links":{"self":[{"href":"https:\/\/www.pungg.at\/en\/wp-json\/wp\/v2\/pages\/51812","targetHints":{"allow":["GET"]}}],"collection":[{"href":"https:\/\/www.pungg.at\/en\/wp-json\/wp\/v2\/pages"}],"about":[{"href":"https:\/\/www.pungg.at\/en\/wp-json\/wp\/v2\/types\/page"}],"author":[{"embeddable":true,"href":"https:\/\/www.pungg.at\/en\/wp-json\/wp\/v2\/users\/3"}],"replies":[{"embeddable":true,"href":"https:\/\/www.pungg.at\/en\/wp-json\/wp\/v2\/comments?post=51812"}],"version-history":[{"count":4,"href":"https:\/\/www.pungg.at\/en\/wp-json\/wp\/v2\/pages\/51812\/revisions"}],"predecessor-version":[{"id":52317,"href":"https:\/\/www.pungg.at\/en\/wp-json\/wp\/v2\/pages\/51812\/revisions\/52317"}],"wp:attachment":[{"href":"https:\/\/www.pungg.at\/en\/wp-json\/wp\/v2\/media?parent=51812"}],"curies":[{"name":"wp","href":"https:\/\/api.w.org\/{rel}","templated":true}]}}