{"id":51543,"date":"2024-03-18T17:32:58","date_gmt":"2024-03-18T16:32:58","guid":{"rendered":"https:\/\/pungg.homepagedesigner.at\/?page_id=51543"},"modified":"2025-01-07T15:15:10","modified_gmt":"2025-01-07T14:15:10","slug":"afbeeldingen","status":"publish","type":"page","link":"https:\/\/www.pungg.at\/nl\/afbeeldingen\/","title":{"rendered":"Afbeeldingen"},"content":{"rendered":"\n<div class=\"wp-block-greenshift-blocks-container gspb_container gspb_container-gsbp-07f573f\" id=\"gspb_container-id-gsbp-07f573f\">\n<figure class=\"wp-block-gallery has-nested-images columns-default is-cropped wp-block-gallery-1 is-layout-flex wp-block-gallery-is-layout-flex\">\n<figure class=\"wp-block-image size-large\"><a href=\"https:\/\/pungg.at\/wp-content\/uploads\/2024\/03\/Appartments_Pungg_Schuetzenweg_6_Fuegen_06_2023_Wohnzimmer_1-scaled.jpg\" target=\"_blank\" rel=\"noopener\"><img loading=\"lazy\" decoding=\"async\" width=\"1024\" height=\"768\" data-id=\"49794\" src=\"https:\/\/pungg.at\/wp-content\/uploads\/2024\/03\/Appartments_Pungg_Schuetzenweg_6_Fuegen_06_2023_Wohnzimmer_1-1024x768.jpg\" alt=\"\" class=\"wp-image-49794\" srcset=\"https:\/\/www.pungg.at\/wp-content\/uploads\/2024\/03\/Appartments_Pungg_Schuetzenweg_6_Fuegen_06_2023_Wohnzimmer_1-1024x768.jpg 1024w, https:\/\/www.pungg.at\/wp-content\/uploads\/2024\/03\/Appartments_Pungg_Schuetzenweg_6_Fuegen_06_2023_Wohnzimmer_1-300x225.jpg 300w, https:\/\/www.pungg.at\/wp-content\/uploads\/2024\/03\/Appartments_Pungg_Schuetzenweg_6_Fuegen_06_2023_Wohnzimmer_1-768x576.jpg 768w, https:\/\/www.pungg.at\/wp-content\/uploads\/2024\/03\/Appartments_Pungg_Schuetzenweg_6_Fuegen_06_2023_Wohnzimmer_1-1536x1152.jpg 1536w, https:\/\/www.pungg.at\/wp-content\/uploads\/2024\/03\/Appartments_Pungg_Schuetzenweg_6_Fuegen_06_2023_Wohnzimmer_1-scaled.jpg 2048w, https:\/\/www.pungg.at\/wp-content\/uploads\/2024\/03\/Appartments_Pungg_Schuetzenweg_6_Fuegen_06_2023_Wohnzimmer_1-510x382.jpg 510w, https:\/\/www.pungg.at\/wp-content\/uploads\/2024\/03\/Appartments_Pungg_Schuetzenweg_6_Fuegen_06_2023_Wohnzimmer_1-1080x810.jpg 1080w, https:\/\/www.pungg.at\/wp-content\/uploads\/2024\/03\/Appartments_Pungg_Schuetzenweg_6_Fuegen_06_2023_Wohnzimmer_1-1280x960.jpg 1280w, https:\/\/www.pungg.at\/wp-content\/uploads\/2024\/03\/Appartments_Pungg_Schuetzenweg_6_Fuegen_06_2023_Wohnzimmer_1-980x735.jpg 980w, https:\/\/www.pungg.at\/wp-content\/uploads\/2024\/03\/Appartments_Pungg_Schuetzenweg_6_Fuegen_06_2023_Wohnzimmer_1-480x360.jpg 480w\" sizes=\"auto, (max-width: 1024px) 100vw, 1024px\" \/><\/a><\/figure>\n\n\n\n<figure class=\"wp-block-image size-large\"><a href=\"https:\/\/pungg.at\/wp-content\/uploads\/2024\/03\/Appartments_Pungg_Schuetzenweg_6_Fuegen_06_2023_Wohnkueche_1-scaled.jpg\" target=\"_blank\" rel=\"noopener\"><img loading=\"lazy\" decoding=\"async\" width=\"1024\" height=\"768\" data-id=\"49791\" src=\"https:\/\/pungg.at\/wp-content\/uploads\/2024\/03\/Appartments_Pungg_Schuetzenweg_6_Fuegen_06_2023_Wohnkueche_1-1024x768.jpg\" alt=\"Eine gut beleuchtete, moderne K\u00fcche mit Holzboden, wei\u00dfen Schr\u00e4nken und Ger\u00e4ten aus Edelstahl.\" class=\"wp-image-49791\" srcset=\"https:\/\/www.pungg.at\/wp-content\/uploads\/2024\/03\/Appartments_Pungg_Schuetzenweg_6_Fuegen_06_2023_Wohnkueche_1-1024x768.jpg 1024w, https:\/\/www.pungg.at\/wp-content\/uploads\/2024\/03\/Appartments_Pungg_Schuetzenweg_6_Fuegen_06_2023_Wohnkueche_1-300x225.jpg 300w, https:\/\/www.pungg.at\/wp-content\/uploads\/2024\/03\/Appartments_Pungg_Schuetzenweg_6_Fuegen_06_2023_Wohnkueche_1-768x576.jpg 768w, https:\/\/www.pungg.at\/wp-content\/uploads\/2024\/03\/Appartments_Pungg_Schuetzenweg_6_Fuegen_06_2023_Wohnkueche_1-1536x1152.jpg 1536w, https:\/\/www.pungg.at\/wp-content\/uploads\/2024\/03\/Appartments_Pungg_Schuetzenweg_6_Fuegen_06_2023_Wohnkueche_1-scaled.jpg 2048w, https:\/\/www.pungg.at\/wp-content\/uploads\/2024\/03\/Appartments_Pungg_Schuetzenweg_6_Fuegen_06_2023_Wohnkueche_1-510x382.jpg 510w, https:\/\/www.pungg.at\/wp-content\/uploads\/2024\/03\/Appartments_Pungg_Schuetzenweg_6_Fuegen_06_2023_Wohnkueche_1-1080x810.jpg 1080w, https:\/\/www.pungg.at\/wp-content\/uploads\/2024\/03\/Appartments_Pungg_Schuetzenweg_6_Fuegen_06_2023_Wohnkueche_1-1280x960.jpg 1280w, https:\/\/www.pungg.at\/wp-content\/uploads\/2024\/03\/Appartments_Pungg_Schuetzenweg_6_Fuegen_06_2023_Wohnkueche_1-980x735.jpg 980w, https:\/\/www.pungg.at\/wp-content\/uploads\/2024\/03\/Appartments_Pungg_Schuetzenweg_6_Fuegen_06_2023_Wohnkueche_1-480x360.jpg 480w\" sizes=\"auto, (max-width: 1024px) 100vw, 1024px\" \/><\/a><\/figure>\n\n\n\n<figure class=\"wp-block-image size-large\"><a href=\"https:\/\/pungg.at\/wp-content\/uploads\/2024\/03\/Appartments_Pungg_Schuetzenweg_6_Fuegen_06_2023_Schlafzimmer_3-scaled.jpg\" target=\"_blank\" rel=\"noopener\"><img loading=\"lazy\" decoding=\"async\" width=\"1024\" height=\"768\" data-id=\"49789\" src=\"https:\/\/pungg.at\/wp-content\/uploads\/2024\/03\/Appartments_Pungg_Schuetzenweg_6_Fuegen_06_2023_Schlafzimmer_3-1024x768.jpg\" alt=\"Ein ordentlich eingerichtetes Schlafzimmer mit einem Doppelbett, wei\u00dfer Bettw\u00e4sche und orangefarbenen Akzenten.\" class=\"wp-image-49789\" srcset=\"https:\/\/www.pungg.at\/wp-content\/uploads\/2024\/03\/Appartments_Pungg_Schuetzenweg_6_Fuegen_06_2023_Schlafzimmer_3-1024x768.jpg 1024w, https:\/\/www.pungg.at\/wp-content\/uploads\/2024\/03\/Appartments_Pungg_Schuetzenweg_6_Fuegen_06_2023_Schlafzimmer_3-300x225.jpg 300w, https:\/\/www.pungg.at\/wp-content\/uploads\/2024\/03\/Appartments_Pungg_Schuetzenweg_6_Fuegen_06_2023_Schlafzimmer_3-768x576.jpg 768w, https:\/\/www.pungg.at\/wp-content\/uploads\/2024\/03\/Appartments_Pungg_Schuetzenweg_6_Fuegen_06_2023_Schlafzimmer_3-1536x1152.jpg 1536w, https:\/\/www.pungg.at\/wp-content\/uploads\/2024\/03\/Appartments_Pungg_Schuetzenweg_6_Fuegen_06_2023_Schlafzimmer_3-scaled.jpg 2048w, https:\/\/www.pungg.at\/wp-content\/uploads\/2024\/03\/Appartments_Pungg_Schuetzenweg_6_Fuegen_06_2023_Schlafzimmer_3-510x382.jpg 510w, https:\/\/www.pungg.at\/wp-content\/uploads\/2024\/03\/Appartments_Pungg_Schuetzenweg_6_Fuegen_06_2023_Schlafzimmer_3-1080x810.jpg 1080w, https:\/\/www.pungg.at\/wp-content\/uploads\/2024\/03\/Appartments_Pungg_Schuetzenweg_6_Fuegen_06_2023_Schlafzimmer_3-1280x960.jpg 1280w, https:\/\/www.pungg.at\/wp-content\/uploads\/2024\/03\/Appartments_Pungg_Schuetzenweg_6_Fuegen_06_2023_Schlafzimmer_3-980x735.jpg 980w, https:\/\/www.pungg.at\/wp-content\/uploads\/2024\/03\/Appartments_Pungg_Schuetzenweg_6_Fuegen_06_2023_Schlafzimmer_3-480x360.jpg 480w\" sizes=\"auto, (max-width: 1024px) 100vw, 1024px\" \/><\/a><\/figure>\n\n\n\n<figure class=\"wp-block-image size-large\"><a href=\"https:\/\/pungg.at\/wp-content\/uploads\/2024\/03\/eine-gut-beleuchtete-kueche-in-unserem-appartement-im-zillertal-verfuegt-ueber-holzschraenke-einen-esstisch-gruene-vorhaenge-und-ein-fenster-mit-baeumen-draussen.jpg\" target=\"_blank\" rel=\"noopener\"><img loading=\"lazy\" decoding=\"async\" width=\"1024\" height=\"768\" data-id=\"49770\" src=\"https:\/\/pungg.at\/wp-content\/uploads\/2024\/03\/eine-gut-beleuchtete-kueche-in-unserem-appartement-im-zillertal-verfuegt-ueber-holzschraenke-einen-esstisch-gruene-vorhaenge-und-ein-fenster-mit-baeumen-draussen-1024x768.jpg\" alt=\"Moderne K\u00fccheneinrichtung mit Holzschr\u00e4nken, Ger\u00e4ten aus Edelstahl und einem Essbereich mit Blick auf ein Fenster.\" class=\"wp-image-49770\" srcset=\"https:\/\/www.pungg.at\/wp-content\/uploads\/2024\/03\/eine-gut-beleuchtete-kueche-in-unserem-appartement-im-zillertal-verfuegt-ueber-holzschraenke-einen-esstisch-gruene-vorhaenge-und-ein-fenster-mit-baeumen-draussen-1024x768.jpg 1024w, https:\/\/www.pungg.at\/wp-content\/uploads\/2024\/03\/eine-gut-beleuchtete-kueche-in-unserem-appartement-im-zillertal-verfuegt-ueber-holzschraenke-einen-esstisch-gruene-vorhaenge-und-ein-fenster-mit-baeumen-draussen-300x225.jpg 300w, https:\/\/www.pungg.at\/wp-content\/uploads\/2024\/03\/eine-gut-beleuchtete-kueche-in-unserem-appartement-im-zillertal-verfuegt-ueber-holzschraenke-einen-esstisch-gruene-vorhaenge-und-ein-fenster-mit-baeumen-draussen-768x576.jpg 768w, https:\/\/www.pungg.at\/wp-content\/uploads\/2024\/03\/eine-gut-beleuchtete-kueche-in-unserem-appartement-im-zillertal-verfuegt-ueber-holzschraenke-einen-esstisch-gruene-vorhaenge-und-ein-fenster-mit-baeumen-draussen-1536x1152.jpg 1536w, https:\/\/www.pungg.at\/wp-content\/uploads\/2024\/03\/eine-gut-beleuchtete-kueche-in-unserem-appartement-im-zillertal-verfuegt-ueber-holzschraenke-einen-esstisch-gruene-vorhaenge-und-ein-fenster-mit-baeumen-draussen.jpg 2048w, https:\/\/www.pungg.at\/wp-content\/uploads\/2024\/03\/eine-gut-beleuchtete-kueche-in-unserem-appartement-im-zillertal-verfuegt-ueber-holzschraenke-einen-esstisch-gruene-vorhaenge-und-ein-fenster-mit-baeumen-draussen-510x382.jpg 510w, https:\/\/www.pungg.at\/wp-content\/uploads\/2024\/03\/eine-gut-beleuchtete-kueche-in-unserem-appartement-im-zillertal-verfuegt-ueber-holzschraenke-einen-esstisch-gruene-vorhaenge-und-ein-fenster-mit-baeumen-draussen-1080x810.jpg 1080w, https:\/\/www.pungg.at\/wp-content\/uploads\/2024\/03\/eine-gut-beleuchtete-kueche-in-unserem-appartement-im-zillertal-verfuegt-ueber-holzschraenke-einen-esstisch-gruene-vorhaenge-und-ein-fenster-mit-baeumen-draussen-1280x960.jpg 1280w, https:\/\/www.pungg.at\/wp-content\/uploads\/2024\/03\/eine-gut-beleuchtete-kueche-in-unserem-appartement-im-zillertal-verfuegt-ueber-holzschraenke-einen-esstisch-gruene-vorhaenge-und-ein-fenster-mit-baeumen-draussen-980x735.jpg 980w, https:\/\/www.pungg.at\/wp-content\/uploads\/2024\/03\/eine-gut-beleuchtete-kueche-in-unserem-appartement-im-zillertal-verfuegt-ueber-holzschraenke-einen-esstisch-gruene-vorhaenge-und-ein-fenster-mit-baeumen-draussen-480x360.jpg 480w\" sizes=\"auto, (max-width: 1024px) 100vw, 1024px\" \/><\/a><\/figure>\n\n\n\n<figure class=\"wp-block-image size-large\"><a href=\"https:\/\/pungg.at\/wp-content\/uploads\/2024\/03\/Appartments_Pungg_Schuetzenweg_6_Fuegen_06_2023_Balkon-scaled.jpg\" target=\"_blank\" rel=\"noopener\"><img loading=\"lazy\" decoding=\"async\" width=\"1024\" height=\"768\" data-id=\"49773\" src=\"https:\/\/pungg.at\/wp-content\/uploads\/2024\/03\/Appartments_Pungg_Schuetzenweg_6_Fuegen_06_2023_Balkon-1024x768.jpg\" alt=\"Ein Balkon mit gedecktem Tisch und Ausblick auf die Berglandschaft.\" class=\"wp-image-49773\" srcset=\"https:\/\/www.pungg.at\/wp-content\/uploads\/2024\/03\/Appartments_Pungg_Schuetzenweg_6_Fuegen_06_2023_Balkon-1024x768.jpg 1024w, https:\/\/www.pungg.at\/wp-content\/uploads\/2024\/03\/Appartments_Pungg_Schuetzenweg_6_Fuegen_06_2023_Balkon-300x225.jpg 300w, https:\/\/www.pungg.at\/wp-content\/uploads\/2024\/03\/Appartments_Pungg_Schuetzenweg_6_Fuegen_06_2023_Balkon-768x576.jpg 768w, https:\/\/www.pungg.at\/wp-content\/uploads\/2024\/03\/Appartments_Pungg_Schuetzenweg_6_Fuegen_06_2023_Balkon-1536x1152.jpg 1536w, https:\/\/www.pungg.at\/wp-content\/uploads\/2024\/03\/Appartments_Pungg_Schuetzenweg_6_Fuegen_06_2023_Balkon-scaled.jpg 2048w, https:\/\/www.pungg.at\/wp-content\/uploads\/2024\/03\/Appartments_Pungg_Schuetzenweg_6_Fuegen_06_2023_Balkon-510x382.jpg 510w, https:\/\/www.pungg.at\/wp-content\/uploads\/2024\/03\/Appartments_Pungg_Schuetzenweg_6_Fuegen_06_2023_Balkon-1080x810.jpg 1080w, https:\/\/www.pungg.at\/wp-content\/uploads\/2024\/03\/Appartments_Pungg_Schuetzenweg_6_Fuegen_06_2023_Balkon-1280x960.jpg 1280w, https:\/\/www.pungg.at\/wp-content\/uploads\/2024\/03\/Appartments_Pungg_Schuetzenweg_6_Fuegen_06_2023_Balkon-980x735.jpg 980w, https:\/\/www.pungg.at\/wp-content\/uploads\/2024\/03\/Appartments_Pungg_Schuetzenweg_6_Fuegen_06_2023_Balkon-480x360.jpg 480w\" sizes=\"auto, (max-width: 1024px) 100vw, 1024px\" \/><\/a><\/figure>\n\n\n\n<figure class=\"wp-block-image size-large\"><a href=\"https:\/\/pungg.at\/wp-content\/uploads\/2024\/03\/Appartments_Pungg_Schuetzenweg_6_Fuegen_06_2023_Wohnzimmer-scaled.jpg\" target=\"_blank\" rel=\"noopener\"><img loading=\"lazy\" decoding=\"async\" width=\"1024\" height=\"768\" data-id=\"49793\" src=\"https:\/\/pungg.at\/wp-content\/uploads\/2024\/03\/Appartments_Pungg_Schuetzenweg_6_Fuegen_06_2023_Wohnzimmer-1024x768.jpg\" alt=\"Modernes Hotelzimmer mit Sitzecke, Fernseher und einem Schreibtisch, der im Nebenraum sichtbar ist.\" class=\"wp-image-49793\" srcset=\"https:\/\/www.pungg.at\/wp-content\/uploads\/2024\/03\/Appartments_Pungg_Schuetzenweg_6_Fuegen_06_2023_Wohnzimmer-1024x768.jpg 1024w, https:\/\/www.pungg.at\/wp-content\/uploads\/2024\/03\/Appartments_Pungg_Schuetzenweg_6_Fuegen_06_2023_Wohnzimmer-300x225.jpg 300w, https:\/\/www.pungg.at\/wp-content\/uploads\/2024\/03\/Appartments_Pungg_Schuetzenweg_6_Fuegen_06_2023_Wohnzimmer-768x576.jpg 768w, https:\/\/www.pungg.at\/wp-content\/uploads\/2024\/03\/Appartments_Pungg_Schuetzenweg_6_Fuegen_06_2023_Wohnzimmer-1536x1152.jpg 1536w, https:\/\/www.pungg.at\/wp-content\/uploads\/2024\/03\/Appartments_Pungg_Schuetzenweg_6_Fuegen_06_2023_Wohnzimmer-scaled.jpg 2048w, https:\/\/www.pungg.at\/wp-content\/uploads\/2024\/03\/Appartments_Pungg_Schuetzenweg_6_Fuegen_06_2023_Wohnzimmer-510x382.jpg 510w, https:\/\/www.pungg.at\/wp-content\/uploads\/2024\/03\/Appartments_Pungg_Schuetzenweg_6_Fuegen_06_2023_Wohnzimmer-1080x810.jpg 1080w, https:\/\/www.pungg.at\/wp-content\/uploads\/2024\/03\/Appartments_Pungg_Schuetzenweg_6_Fuegen_06_2023_Wohnzimmer-1280x960.jpg 1280w, https:\/\/www.pungg.at\/wp-content\/uploads\/2024\/03\/Appartments_Pungg_Schuetzenweg_6_Fuegen_06_2023_Wohnzimmer-980x735.jpg 980w, https:\/\/www.pungg.at\/wp-content\/uploads\/2024\/03\/Appartments_Pungg_Schuetzenweg_6_Fuegen_06_2023_Wohnzimmer-480x360.jpg 480w\" sizes=\"auto, (max-width: 1024px) 100vw, 1024px\" \/><\/a><\/figure>\n\n\n\n<figure class=\"wp-block-image size-large\"><a href=\"https:\/\/pungg.at\/wp-content\/uploads\/2024\/03\/Appartments_Pungg_Schuetzenweg_6_Fuegen_06_2023_Schlafzimmer-scaled.jpg\" target=\"_blank\" rel=\"noopener\"><img loading=\"lazy\" decoding=\"async\" width=\"1024\" height=\"768\" data-id=\"49785\" src=\"https:\/\/pungg.at\/wp-content\/uploads\/2024\/03\/Appartments_Pungg_Schuetzenweg_6_Fuegen_06_2023_Schlafzimmer-1024x768.jpg\" alt=\"Ein ordentlich eingerichtetes Schlafzimmer mit einem gro\u00dfen Bett, gr\u00fcnen Vorh\u00e4ngen und sanfter Beleuchtung.\" class=\"wp-image-49785\" srcset=\"https:\/\/www.pungg.at\/wp-content\/uploads\/2024\/03\/Appartments_Pungg_Schuetzenweg_6_Fuegen_06_2023_Schlafzimmer-1024x768.jpg 1024w, https:\/\/www.pungg.at\/wp-content\/uploads\/2024\/03\/Appartments_Pungg_Schuetzenweg_6_Fuegen_06_2023_Schlafzimmer-300x225.jpg 300w, https:\/\/www.pungg.at\/wp-content\/uploads\/2024\/03\/Appartments_Pungg_Schuetzenweg_6_Fuegen_06_2023_Schlafzimmer-768x576.jpg 768w, https:\/\/www.pungg.at\/wp-content\/uploads\/2024\/03\/Appartments_Pungg_Schuetzenweg_6_Fuegen_06_2023_Schlafzimmer-1536x1152.jpg 1536w, https:\/\/www.pungg.at\/wp-content\/uploads\/2024\/03\/Appartments_Pungg_Schuetzenweg_6_Fuegen_06_2023_Schlafzimmer-scaled.jpg 2048w, https:\/\/www.pungg.at\/wp-content\/uploads\/2024\/03\/Appartments_Pungg_Schuetzenweg_6_Fuegen_06_2023_Schlafzimmer-510x382.jpg 510w, https:\/\/www.pungg.at\/wp-content\/uploads\/2024\/03\/Appartments_Pungg_Schuetzenweg_6_Fuegen_06_2023_Schlafzimmer-1080x810.jpg 1080w, https:\/\/www.pungg.at\/wp-content\/uploads\/2024\/03\/Appartments_Pungg_Schuetzenweg_6_Fuegen_06_2023_Schlafzimmer-1280x960.jpg 1280w, https:\/\/www.pungg.at\/wp-content\/uploads\/2024\/03\/Appartments_Pungg_Schuetzenweg_6_Fuegen_06_2023_Schlafzimmer-980x735.jpg 980w, https:\/\/www.pungg.at\/wp-content\/uploads\/2024\/03\/Appartments_Pungg_Schuetzenweg_6_Fuegen_06_2023_Schlafzimmer-480x360.jpg 480w\" sizes=\"auto, (max-width: 1024px) 100vw, 1024px\" \/><\/a><\/figure>\n\n\n\n<figure class=\"wp-block-image size-large\"><a href=\"https:\/\/pungg.at\/wp-content\/uploads\/2024\/03\/Appartments_Pungg_Schuetzenweg_6_Fuegen_06_2023_Schlafzimmer_1-scaled.jpg\" target=\"_blank\" rel=\"noopener\"><img loading=\"lazy\" decoding=\"async\" width=\"1024\" height=\"768\" data-id=\"49786\" src=\"https:\/\/pungg.at\/wp-content\/uploads\/2024\/03\/Appartments_Pungg_Schuetzenweg_6_Fuegen_06_2023_Schlafzimmer_1-1024x768.jpg\" alt=\"Ein ordentliches Hotelzimmer mit zwei Einzelbetten und einfacher Einrichtung.\" class=\"wp-image-49786\" srcset=\"https:\/\/www.pungg.at\/wp-content\/uploads\/2024\/03\/Appartments_Pungg_Schuetzenweg_6_Fuegen_06_2023_Schlafzimmer_1-1024x768.jpg 1024w, https:\/\/www.pungg.at\/wp-content\/uploads\/2024\/03\/Appartments_Pungg_Schuetzenweg_6_Fuegen_06_2023_Schlafzimmer_1-300x225.jpg 300w, https:\/\/www.pungg.at\/wp-content\/uploads\/2024\/03\/Appartments_Pungg_Schuetzenweg_6_Fuegen_06_2023_Schlafzimmer_1-768x576.jpg 768w, https:\/\/www.pungg.at\/wp-content\/uploads\/2024\/03\/Appartments_Pungg_Schuetzenweg_6_Fuegen_06_2023_Schlafzimmer_1-1536x1152.jpg 1536w, https:\/\/www.pungg.at\/wp-content\/uploads\/2024\/03\/Appartments_Pungg_Schuetzenweg_6_Fuegen_06_2023_Schlafzimmer_1-scaled.jpg 2048w, https:\/\/www.pungg.at\/wp-content\/uploads\/2024\/03\/Appartments_Pungg_Schuetzenweg_6_Fuegen_06_2023_Schlafzimmer_1-510x382.jpg 510w, https:\/\/www.pungg.at\/wp-content\/uploads\/2024\/03\/Appartments_Pungg_Schuetzenweg_6_Fuegen_06_2023_Schlafzimmer_1-1080x810.jpg 1080w, https:\/\/www.pungg.at\/wp-content\/uploads\/2024\/03\/Appartments_Pungg_Schuetzenweg_6_Fuegen_06_2023_Schlafzimmer_1-1280x960.jpg 1280w, https:\/\/www.pungg.at\/wp-content\/uploads\/2024\/03\/Appartments_Pungg_Schuetzenweg_6_Fuegen_06_2023_Schlafzimmer_1-980x735.jpg 980w, https:\/\/www.pungg.at\/wp-content\/uploads\/2024\/03\/Appartments_Pungg_Schuetzenweg_6_Fuegen_06_2023_Schlafzimmer_1-480x360.jpg 480w\" sizes=\"auto, (max-width: 1024px) 100vw, 1024px\" \/><\/a><\/figure>\n\n\n\n<figure class=\"wp-block-image size-large\"><a href=\"https:\/\/pungg.at\/wp-content\/uploads\/2024\/03\/Appartments_Pungg_Schuetzenweg_6_Fuegen_06_2023_Wohnkueche_2-scaled.jpg\" target=\"_blank\" rel=\"noopener\"><img loading=\"lazy\" decoding=\"async\" width=\"1024\" height=\"768\" data-id=\"49792\" src=\"https:\/\/pungg.at\/wp-content\/uploads\/2024\/03\/Appartments_Pungg_Schuetzenweg_6_Fuegen_06_2023_Wohnkueche_2-1024x768.jpg\" alt=\"Moderne K\u00fcche mit Essecke in einer gut beleuchteten Wohnung.\" class=\"wp-image-49792\" srcset=\"https:\/\/www.pungg.at\/wp-content\/uploads\/2024\/03\/Appartments_Pungg_Schuetzenweg_6_Fuegen_06_2023_Wohnkueche_2-1024x768.jpg 1024w, https:\/\/www.pungg.at\/wp-content\/uploads\/2024\/03\/Appartments_Pungg_Schuetzenweg_6_Fuegen_06_2023_Wohnkueche_2-300x225.jpg 300w, https:\/\/www.pungg.at\/wp-content\/uploads\/2024\/03\/Appartments_Pungg_Schuetzenweg_6_Fuegen_06_2023_Wohnkueche_2-768x576.jpg 768w, https:\/\/www.pungg.at\/wp-content\/uploads\/2024\/03\/Appartments_Pungg_Schuetzenweg_6_Fuegen_06_2023_Wohnkueche_2-1536x1152.jpg 1536w, https:\/\/www.pungg.at\/wp-content\/uploads\/2024\/03\/Appartments_Pungg_Schuetzenweg_6_Fuegen_06_2023_Wohnkueche_2-scaled.jpg 2048w, https:\/\/www.pungg.at\/wp-content\/uploads\/2024\/03\/Appartments_Pungg_Schuetzenweg_6_Fuegen_06_2023_Wohnkueche_2-510x382.jpg 510w, https:\/\/www.pungg.at\/wp-content\/uploads\/2024\/03\/Appartments_Pungg_Schuetzenweg_6_Fuegen_06_2023_Wohnkueche_2-1080x810.jpg 1080w, https:\/\/www.pungg.at\/wp-content\/uploads\/2024\/03\/Appartments_Pungg_Schuetzenweg_6_Fuegen_06_2023_Wohnkueche_2-1280x960.jpg 1280w, https:\/\/www.pungg.at\/wp-content\/uploads\/2024\/03\/Appartments_Pungg_Schuetzenweg_6_Fuegen_06_2023_Wohnkueche_2-980x735.jpg 980w, https:\/\/www.pungg.at\/wp-content\/uploads\/2024\/03\/Appartments_Pungg_Schuetzenweg_6_Fuegen_06_2023_Wohnkueche_2-480x360.jpg 480w\" sizes=\"auto, (max-width: 1024px) 100vw, 1024px\" \/><\/a><\/figure>\n\n\n\n<figure class=\"wp-block-image size-large\"><a href=\"https:\/\/pungg.at\/wp-content\/uploads\/2024\/03\/Appartments_Pungg_Schuetzenweg_6_Fuegen_06_2023_Badezimmer_1-scaled.jpg\" target=\"_blank\" rel=\"noopener\"><img loading=\"lazy\" decoding=\"async\" width=\"1024\" height=\"768\" data-id=\"49772\" src=\"https:\/\/pungg.at\/wp-content\/uploads\/2024\/03\/Appartments_Pungg_Schuetzenweg_6_Fuegen_06_2023_Badezimmer_1-1024x768.jpg\" alt=\"Moderne Badezimmereinrichtung mit Glasduschkabine, Toilette, Handtuchhalter und nat\u00fcrlichem Licht, das durch ein Milchglasfenster f\u00e4llt.\" class=\"wp-image-49772\" srcset=\"https:\/\/www.pungg.at\/wp-content\/uploads\/2024\/03\/Appartments_Pungg_Schuetzenweg_6_Fuegen_06_2023_Badezimmer_1-1024x768.jpg 1024w, https:\/\/www.pungg.at\/wp-content\/uploads\/2024\/03\/Appartments_Pungg_Schuetzenweg_6_Fuegen_06_2023_Badezimmer_1-300x225.jpg 300w, https:\/\/www.pungg.at\/wp-content\/uploads\/2024\/03\/Appartments_Pungg_Schuetzenweg_6_Fuegen_06_2023_Badezimmer_1-768x576.jpg 768w, https:\/\/www.pungg.at\/wp-content\/uploads\/2024\/03\/Appartments_Pungg_Schuetzenweg_6_Fuegen_06_2023_Badezimmer_1-1536x1152.jpg 1536w, https:\/\/www.pungg.at\/wp-content\/uploads\/2024\/03\/Appartments_Pungg_Schuetzenweg_6_Fuegen_06_2023_Badezimmer_1-scaled.jpg 2048w, https:\/\/www.pungg.at\/wp-content\/uploads\/2024\/03\/Appartments_Pungg_Schuetzenweg_6_Fuegen_06_2023_Badezimmer_1-510x382.jpg 510w, https:\/\/www.pungg.at\/wp-content\/uploads\/2024\/03\/Appartments_Pungg_Schuetzenweg_6_Fuegen_06_2023_Badezimmer_1-1080x810.jpg 1080w, https:\/\/www.pungg.at\/wp-content\/uploads\/2024\/03\/Appartments_Pungg_Schuetzenweg_6_Fuegen_06_2023_Badezimmer_1-1280x960.jpg 1280w, https:\/\/www.pungg.at\/wp-content\/uploads\/2024\/03\/Appartments_Pungg_Schuetzenweg_6_Fuegen_06_2023_Badezimmer_1-980x735.jpg 980w, https:\/\/www.pungg.at\/wp-content\/uploads\/2024\/03\/Appartments_Pungg_Schuetzenweg_6_Fuegen_06_2023_Badezimmer_1-480x360.jpg 480w\" sizes=\"auto, (max-width: 1024px) 100vw, 1024px\" \/><\/a><\/figure>\n\n\n\n<figure class=\"wp-block-image size-large\"><a href=\"https:\/\/pungg.at\/wp-content\/uploads\/2024\/03\/Appartments_Pungg_Schuetzenweg_6_Fuegen_06_2023_Esstisch_Kueche-scaled.jpg\" target=\"_blank\" rel=\"noopener\"><img loading=\"lazy\" decoding=\"async\" width=\"1024\" height=\"768\" data-id=\"49778\" src=\"https:\/\/pungg.at\/wp-content\/uploads\/2024\/03\/Appartments_Pungg_Schuetzenweg_6_Fuegen_06_2023_Esstisch_Kueche-1024x768.jpg\" alt=\"Moderne K\u00fccheneinrichtung mit Holzschr\u00e4nken und Ger\u00e4ten aus Edelstahl.\" class=\"wp-image-49778\" srcset=\"https:\/\/www.pungg.at\/wp-content\/uploads\/2024\/03\/Appartments_Pungg_Schuetzenweg_6_Fuegen_06_2023_Esstisch_Kueche-1024x768.jpg 1024w, https:\/\/www.pungg.at\/wp-content\/uploads\/2024\/03\/Appartments_Pungg_Schuetzenweg_6_Fuegen_06_2023_Esstisch_Kueche-300x225.jpg 300w, https:\/\/www.pungg.at\/wp-content\/uploads\/2024\/03\/Appartments_Pungg_Schuetzenweg_6_Fuegen_06_2023_Esstisch_Kueche-768x576.jpg 768w, https:\/\/www.pungg.at\/wp-content\/uploads\/2024\/03\/Appartments_Pungg_Schuetzenweg_6_Fuegen_06_2023_Esstisch_Kueche-1536x1152.jpg 1536w, https:\/\/www.pungg.at\/wp-content\/uploads\/2024\/03\/Appartments_Pungg_Schuetzenweg_6_Fuegen_06_2023_Esstisch_Kueche-scaled.jpg 2048w, https:\/\/www.pungg.at\/wp-content\/uploads\/2024\/03\/Appartments_Pungg_Schuetzenweg_6_Fuegen_06_2023_Esstisch_Kueche-510x382.jpg 510w, https:\/\/www.pungg.at\/wp-content\/uploads\/2024\/03\/Appartments_Pungg_Schuetzenweg_6_Fuegen_06_2023_Esstisch_Kueche-1080x810.jpg 1080w, https:\/\/www.pungg.at\/wp-content\/uploads\/2024\/03\/Appartments_Pungg_Schuetzenweg_6_Fuegen_06_2023_Esstisch_Kueche-1280x960.jpg 1280w, https:\/\/www.pungg.at\/wp-content\/uploads\/2024\/03\/Appartments_Pungg_Schuetzenweg_6_Fuegen_06_2023_Esstisch_Kueche-980x735.jpg 980w, https:\/\/www.pungg.at\/wp-content\/uploads\/2024\/03\/Appartments_Pungg_Schuetzenweg_6_Fuegen_06_2023_Esstisch_Kueche-480x360.jpg 480w\" sizes=\"auto, (max-width: 1024px) 100vw, 1024px\" \/><\/a><\/figure>\n<\/figure>\n<\/div>\n","protected":false},"excerpt":{"rendered":"","protected":false},"author":3,"featured_media":0,"parent":0,"menu_order":0,"comment_status":"closed","ping_status":"closed","template":"","meta":{"_gspb_post_css":".gspb_container-id-gsbp-07f573f{flex-direction:column;box-sizing:border-box}#gspb_container-id-gsbp-07f573f.gspb_container>p:last-of-type{margin-bottom:0}#gspb_container-id-gsbp-07f573f.gspb_container{position:relative;margin-bottom:100px}","footnotes":""},"class_list":{"0":"post-51543","1":"page","2":"type-page","3":"status-publish","5":"no-featured-image-padding"},"_links":{"self":[{"href":"https:\/\/www.pungg.at\/nl\/wp-json\/wp\/v2\/pages\/51543","targetHints":{"allow":["GET"]}}],"collection":[{"href":"https:\/\/www.pungg.at\/nl\/wp-json\/wp\/v2\/pages"}],"about":[{"href":"https:\/\/www.pungg.at\/nl\/wp-json\/wp\/v2\/types\/page"}],"author":[{"embeddable":true,"href":"https:\/\/www.pungg.at\/nl\/wp-json\/wp\/v2\/users\/3"}],"replies":[{"embeddable":true,"href":"https:\/\/www.pungg.at\/nl\/wp-json\/wp\/v2\/comments?post=51543"}],"version-history":[{"count":2,"href":"https:\/\/www.pungg.at\/nl\/wp-json\/wp\/v2\/pages\/51543\/revisions"}],"predecessor-version":[{"id":51549,"href":"https:\/\/www.pungg.at\/nl\/wp-json\/wp\/v2\/pages\/51543\/revisions\/51549"}],"wp:attachment":[{"href":"https:\/\/www.pungg.at\/nl\/wp-json\/wp\/v2\/media?parent=51543"}],"curies":[{"name":"wp","href":"https:\/\/api.w.org\/{rel}","templated":true}]}}