{"id":51807,"date":"2024-03-09T11:14:05","date_gmt":"2024-03-09T10:14:05","guid":{"rendered":"https:\/\/pungg.homepagedesigner.at\/impressum\/"},"modified":"2024-11-09T20:53:11","modified_gmt":"2024-11-09T19:53:11","slug":"afdruk","status":"publish","type":"page","link":"https:\/\/www.pungg.at\/nl\/afdruk\/","title":{"rendered":"Afdruk"},"content":{"rendered":"\n<p><strong>Appartements Pungg<\/strong><\/p>\n\n\n\n<p>Melanie Pungg<br>Sch\u00fctzenweg 6<br>6263 F\u00fcgen im Zillertal<br>\u00d6sterreich<\/p>\n\n\n\n<h2 class=\"wp-block-heading\" id=\"kontakt\">Kontakt<\/h2>\n\n\n\n<p>Telefoon: +43 681 103 815 70<br>E-mail: info@pungg.at<\/p>\n\n\n\n<h3 class=\"wp-block-heading\" id=\"bedrijfsverordening\">Bedrijfsverordening<\/h3>\n\n\n\n<p>www.ris.bka.gv.at<\/p>\n\n\n\n<h3 class=\"wp-block-heading\" id=\"toezichthoudende-autoriteit\">Toezichthoudende autoriteit<\/h3>\n\n\n\n<p>Bezirkshauptmannschaft Schwaz<br>Franz-Josef-Stra\u00dfe 25<br>6130 Schwaz<br>\u00d6sterreich<\/p>\n\n\n\n<p><a href=\"https:\/\/www.tirol.gv.at\/schwaz\" target=\"_blank\" rel=\"noopener\">https:\/\/www.tirol.gv.at\/schwaz<\/a><\/p>\n\n\n\n<h3 class=\"wp-block-heading\" id=\"btw-identificatienummer\">Btw-identificatienummer<\/h3>\n\n\n\n<p><\/p>\n\n\n\n<h3 class=\"wp-block-heading\" id=\"verantwoordelijk-voor-de-inhoud\">Verantwoordelijk voor de inhoud<\/h3>\n\n\n\n<p>Melanie Pungg<br>Sch\u00fctzenweg 6<br>6263 F\u00fcgen im Zillertal<br>\u00d6sterreich<\/p>\n\n\n\n<h3 class=\"wp-block-heading\" id=\"webdesign-programmeren\">Webdesign &amp; Programmeren<\/h3>\n\n\n\n<p><a href=\"https:\/\/www.vabelhavt.at\/\" target=\"_blank\" rel=\"noreferrer noopener\">VABELHAVT.AT<\/a><\/p>\n\n\n\n<h3 class=\"wp-block-heading\" id=\"eu-geschillenbeslechting\">EU-Geschillenbeslechting<\/h3>\n\n\n\n<p>De Europese Commissie biedt een platform voor online geschillenbeslechting (OS) aan: &nbsp;<a rel=\"noreferrer noopener\" target=\"_blank\" href=\"https:\/\/ec.europa.eu\/consumers\/odr\/\">https:\/\/ec.europa.eu\/consumers\/odr\/<\/a>.<br>Ons e-mailadres vindt u hierboven in het colofon.<\/p>\n\n\n\n<h3 class=\"wp-block-heading\" id=\"consumenten-geschillen-beslechting-universele-bemiddelings-instantie\">Consumenten\u00adgeschillen\u00adbeslechting\/Universele\u00adbemiddelings\u00adinstantie<\/h3>\n\n\n\n<p>Wij zijn niet bereid of verplicht deel te nemen aan geschillenbeslechtingsprocedures voor een consumentenarbitrage-instituut.<\/p>\n","protected":false},"excerpt":{"rendered":"<p>Appartements Pungg Melanie PunggSch\u00fctzenweg 66263 F\u00fcgen im Zillertal\u00d6sterreich Kontakt Telefoon: +43 681 103 815 70E-mail: info@pungg.at Bedrijfsverordening www.ris.bka.gv.at Toezichthoudende autoriteit Bezirkshauptmannschaft SchwazFranz-Josef-Stra\u00dfe 256130 Schwaz\u00d6sterreich https:\/\/www.tirol.gv.at\/schwaz Btw-identificatienummer Verantwoordelijk voor de inhoud Melanie PunggSch\u00fctzenweg 66263 F\u00fcgen im Zillertal\u00d6sterreich Webdesign &amp; Programmeren VABELHAVT.AT EU-Geschillenbeslechting De Europese Commissie biedt een platform voor online geschillenbeslechting (OS) aan: &nbsp;https:\/\/ec.europa.eu\/consumers\/odr\/.Ons e-mailadres vindt &#8230; <a title=\"Afdruk\" class=\"read-more\" href=\"https:\/\/www.pungg.at\/nl\/afdruk\/\" aria-label=\"Lees meer over Afdruk\">Lees meer<\/a><\/p>\n","protected":false},"author":3,"featured_media":0,"parent":0,"menu_order":0,"comment_status":"closed","ping_status":"closed","template":"","meta":{"_gspb_post_css":"","footnotes":""},"class_list":{"0":"post-51807","1":"page","2":"type-page","3":"status-publish","5":"no-featured-image-padding"},"_links":{"self":[{"href":"https:\/\/www.pungg.at\/nl\/wp-json\/wp\/v2\/pages\/51807","targetHints":{"allow":["GET"]}}],"collection":[{"href":"https:\/\/www.pungg.at\/nl\/wp-json\/wp\/v2\/pages"}],"about":[{"href":"https:\/\/www.pungg.at\/nl\/wp-json\/wp\/v2\/types\/page"}],"author":[{"embeddable":true,"href":"https:\/\/www.pungg.at\/nl\/wp-json\/wp\/v2\/users\/3"}],"replies":[{"embeddable":true,"href":"https:\/\/www.pungg.at\/nl\/wp-json\/wp\/v2\/comments?post=51807"}],"version-history":[{"count":4,"href":"https:\/\/www.pungg.at\/nl\/wp-json\/wp\/v2\/pages\/51807\/revisions"}],"predecessor-version":[{"id":52258,"href":"https:\/\/www.pungg.at\/nl\/wp-json\/wp\/v2\/pages\/51807\/revisions\/52258"}],"wp:attachment":[{"href":"https:\/\/www.pungg.at\/nl\/wp-json\/wp\/v2\/media?parent=51807"}],"curies":[{"name":"wp","href":"https:\/\/api.w.org\/{rel}","templated":true}]}}