{"id":51811,"date":"2024-06-07T13:42:40","date_gmt":"2024-06-07T11:42:40","guid":{"rendered":"https:\/\/pungg.homepagedesigner.at\/geschichte-des-hauses\/"},"modified":"2025-07-08T13:26:03","modified_gmt":"2025-07-08T11:26:03","slug":"geschiedenis-van-het-huis","status":"publish","type":"page","link":"https:\/\/www.pungg.at\/nl\/geschiedenis-van-het-huis\/","title":{"rendered":"Geschiedenis van het Huis"},"content":{"rendered":"\n<div class=\"wp-block-greenshift-blocks-container gspb_container gspb_container-gsbp-2932dde\" id=\"gspb_container-id-gsbp-2932dde\">\n<div class=\"wp-block-greenshift-blocks-row gspb_row gspb_row-id-gsbp-ac7ab41\" id=\"gspb_row-id-gsbp-ac7ab41\"><div class=\"gspb_row__content\"> \n<div class=\"wp-block-greenshift-blocks-row-column gspb_row__col--6 gspb_col-id-gsbp-453fd8c\" id=\"gspb_col-id-gsbp-453fd8c\">\n<div class=\"wp-block-greenshift-blocks-image gspb_image gspb_image-id-gsbp-dc1fba2\" id=\"gspb_image-id-gsbp-dc1fba2\"><img decoding=\"async\" src=\"https:\/\/pungg.at\/wp-content\/uploads\/2024\/05\/RZ_Briefpapier_2023.jpg\" data-src=\"\" alt=\"Ein gr\u00fcn get\u00f6ntes Foto von Leuten, die auf dem Balkon eines zweist\u00f6ckigen Geb\u00e4udes stehen, das als Appartement im Zillertal gekennzeichnet ist, vor dem zwei Autos geparkt sind.\" loading=\"lazy\" width=\"794\" height=\"1123\"\/><\/div>\n<\/div>\n\n\n\n<div class=\"wp-block-greenshift-blocks-row-column gspb_row__col--6 gspb_col-id-gsbp-171ae2d\" id=\"gspb_col-id-gsbp-171ae2d\">\n<p>Het Appartement Pungg heeft een lange en bewogen geschiedenis die teruggaat tot 1958. In die tijd liet Theresia Pungg het gastenhuis Pungg bouwen, dat over eenpersoons- en tweepersoonskamers met wastafels beschikte, wat destijds zeldzaam was. Tot in de jaren &#8217;70 trok het huis uitsluitend gasten uit de Duitstalige gebieden aan voor de zomerverblijf, maar met de ingebruikname van de Spieljochbahn in hetzelfde decennium ontwikkelde het gastenhuis zich ook tot een populaire bestemming voor wintertoeristen.<\/p>\n\n\n\n<p>Theresia Pungg wijdde haar leven aan het toerisme en maakte het destijds genoemde G\u00e4stehaus Pungg tot een gastvrije en charmante plek voor reizigers van over de hele wereld. In de jaren 2000 namen haar zoon en zijn echtgenote het bedrijf over en transformeerden ze de kamers tot appartementen om in te spelen op de veranderende behoeften van de gasten. Appartementen Pungg werd opgericht.<\/p>\n\n\n\n<p>In 2023 nam Theresia&#8217;s kleindochter Melanie het Appartement Pungg over en bracht verfrissing in het traditionele huis. Melanie hecht veel waarde aan duurzaamheid en doet haar best om het huis zo in te richten dat de gasten zich tijdens hun verblijf volledig op hun gemak voelen. Met haar toewijding en passie voor gastvrijheid zet Melanie de erfenis van haar grootmoeder voort en zorgt ze ervoor dat het Appartement Pungg ook in de toekomst een populaire bestemming voor recreanten en bergsporters van allerlei aard blijft.<\/p>\n<\/div>\n <\/div><\/div>\n<\/div>\n","protected":false},"excerpt":{"rendered":"","protected":false},"author":3,"featured_media":0,"parent":0,"menu_order":0,"comment_status":"closed","ping_status":"closed","template":"","meta":{"_gspb_post_css":".gspb_container-id-gsbp-2932dde{flex-direction:column;box-sizing:border-box}#gspb_container-id-gsbp-2932dde.gspb_container>p:last-of-type{margin-bottom:0}#gspb_container-id-gsbp-2932dde.gspb_container,.gspb_row{position:relative}#gspb_row-id-gsbp-ac7ab41{justify-content:space-between;margin-top:0;margin-bottom:0;display:flex;flex-wrap:wrap}#gspb_row-id-gsbp-ac7ab41>.gspb_row__content{display:flex;justify-content:space-between;margin:0 auto;width:100%;flex-wrap:wrap;max-width:1200px}div[id^=gspb_col-id]{box-sizing:border-box;position:relative;padding:var(--gs-row-column-padding, 15px min(3vw, 20px))}#gspb_col-id-gsbp-453fd8c.gspb_row__col--6{width:50%}@media (max-width:575.98px){#gspb_col-id-gsbp-453fd8c.gspb_row__col--6{width:100%}}#gspb_image-id-gsbp-dc1fba2 img{vertical-align:top;display:inline-block;box-sizing:border-box;max-width:100%;height:auto}#gspb_col-id-gsbp-171ae2d.gspb_row__col--6{width:50%}@media (max-width:575.98px){#gspb_col-id-gsbp-171ae2d.gspb_row__col--6{width:100%}}","footnotes":""},"class_list":{"0":"post-51811","1":"page","2":"type-page","3":"status-publish","5":"no-featured-image-padding"},"_links":{"self":[{"href":"https:\/\/www.pungg.at\/nl\/wp-json\/wp\/v2\/pages\/51811","targetHints":{"allow":["GET"]}}],"collection":[{"href":"https:\/\/www.pungg.at\/nl\/wp-json\/wp\/v2\/pages"}],"about":[{"href":"https:\/\/www.pungg.at\/nl\/wp-json\/wp\/v2\/types\/page"}],"author":[{"embeddable":true,"href":"https:\/\/www.pungg.at\/nl\/wp-json\/wp\/v2\/users\/3"}],"replies":[{"embeddable":true,"href":"https:\/\/www.pungg.at\/nl\/wp-json\/wp\/v2\/comments?post=51811"}],"version-history":[{"count":3,"href":"https:\/\/www.pungg.at\/nl\/wp-json\/wp\/v2\/pages\/51811\/revisions"}],"predecessor-version":[{"id":51864,"href":"https:\/\/www.pungg.at\/nl\/wp-json\/wp\/v2\/pages\/51811\/revisions\/51864"}],"wp:attachment":[{"href":"https:\/\/www.pungg.at\/nl\/wp-json\/wp\/v2\/media?parent=51811"}],"curies":[{"name":"wp","href":"https:\/\/api.w.org\/{rel}","templated":true}]}}